{"id":11459,"date":"2026-04-11T18:50:53","date_gmt":"2026-04-11T16:50:53","guid":{"rendered":"https:\/\/www.noiviviarte.it\/?post_type=product&#038;p=11459"},"modified":"2026-04-11T22:43:49","modified_gmt":"2026-04-11T20:43:49","slug":"il-sole-2025-elena-torgunakova","status":"publish","type":"product","link":"https:\/\/www.noiviviarte.it\/en\/product\/il-sole-2025-elena-torgunakova\/","title":{"rendered":"Il Sole &#8211; 2025 &#8211; Elena Torgunakova"},"content":{"rendered":"<figure id=\"attachment_10490\" aria-describedby=\"caption-attachment-10490\" style=\"width: 300px\" class=\"wp-caption alignnone\"><img fetchpriority=\"high\" decoding=\"async\" class=\"size-medium wp-image-10490\" src=\"https:\/\/www.noiviviarte.it\/wp-content\/uploads\/2026\/02\/WhatsApp-Image-2026-01-26-at-22.16.24-300x288.jpeg\" alt=\"Universo\" width=\"300\" height=\"288\" srcset=\"https:\/\/www.noiviviarte.it\/wp-content\/uploads\/2026\/02\/WhatsApp-Image-2026-01-26-at-22.16.24-300x288.jpeg 300w, https:\/\/www.noiviviarte.it\/wp-content\/uploads\/2026\/02\/WhatsApp-Image-2026-01-26-at-22.16.24-1024x984.jpeg 1024w, https:\/\/www.noiviviarte.it\/wp-content\/uploads\/2026\/02\/WhatsApp-Image-2026-01-26-at-22.16.24-768x738.jpeg 768w, https:\/\/www.noiviviarte.it\/wp-content\/uploads\/2026\/02\/WhatsApp-Image-2026-01-26-at-22.16.24-1536x1476.jpeg 1536w, https:\/\/www.noiviviarte.it\/wp-content\/uploads\/2026\/02\/WhatsApp-Image-2026-01-26-at-22.16.24-624x599.jpeg 624w, https:\/\/www.noiviviarte.it\/wp-content\/uploads\/2026\/02\/WhatsApp-Image-2026-01-26-at-22.16.24-600x576.jpeg 600w, https:\/\/www.noiviviarte.it\/wp-content\/uploads\/2026\/02\/WhatsApp-Image-2026-01-26-at-22.16.24.jpeg 1600w\" sizes=\"(max-width: 300px) 100vw, 300px\" \/><figcaption id=\"caption-attachment-10490\" class=\"wp-caption-text\">Fluid art<br \/>Acrilico su tela con diametro 80cm rivestito con la resina epossidica<\/figcaption><\/figure>\n<p><img decoding=\"async\" class=\"alignnone size-medium wp-image-11464\" src=\"https:\/\/www.noiviviarte.it\/wp-content\/uploads\/2026\/04\/WhatsApp-Image-2026-04-11-at-20.03.32-200x300.jpeg\" alt=\"\" width=\"200\" height=\"300\" srcset=\"https:\/\/www.noiviviarte.it\/wp-content\/uploads\/2026\/04\/WhatsApp-Image-2026-04-11-at-20.03.32-200x300.jpeg 200w, https:\/\/www.noiviviarte.it\/wp-content\/uploads\/2026\/04\/WhatsApp-Image-2026-04-11-at-20.03.32-683x1024.jpeg 683w, https:\/\/www.noiviviarte.it\/wp-content\/uploads\/2026\/04\/WhatsApp-Image-2026-04-11-at-20.03.32-768x1152.jpeg 768w, https:\/\/www.noiviviarte.it\/wp-content\/uploads\/2026\/04\/WhatsApp-Image-2026-04-11-at-20.03.32-624x936.jpeg 624w, https:\/\/www.noiviviarte.it\/wp-content\/uploads\/2026\/04\/WhatsApp-Image-2026-04-11-at-20.03.32-600x900.jpeg 600w, https:\/\/www.noiviviarte.it\/wp-content\/uploads\/2026\/04\/WhatsApp-Image-2026-04-11-at-20.03.32.jpeg 1024w\" sizes=\"(max-width: 200px) 100vw, 200px\" \/><\/p>\n<p><strong>Il Sole<\/strong> \/ 2025 \/ diametro 80 cm \/ Fluid Art, acrilico fluido su tela, rivestita con resina epossidica<\/p>\n<p>Il Sole in astrologia \u00e8 la tua vera essenza. Vivere secondo il Sole significa essere autentici, scegliere per s\u00e9, amarsi senza condizioni e vivere con passione ogni giorno. \u00c8 prendersi la responsabilit\u00e0 della propria vita, accogliere tutte le emozioni e brillare\u2026 semplicemente essendo s\u00e9 stessi.<\/p>\n","protected":false},"excerpt":{"rendered":"<p>Il Sole \/ 2025 \/ diametro 80 cm \/ Fluid Art, acrilico fluido su tela, rivestita con resina epossidica Il Sole in astrologia \u00e8 la&hellip;<\/p>\n","protected":false},"featured_media":11464,"template":"","meta":{"pmpro_default_level":""},"product_brand":[],"product_cat":[58],"product_tag":[],"class_list":{"0":"post-11459","1":"product","2":"type-product","3":"status-publish","4":"has-post-thumbnail","6":"product_cat-senza-categoria","7":"pmpro-has-access","9":"first","10":"instock","11":"sold-individually","12":"taxable","13":"shipping-taxable","14":"purchasable","15":"product-type-simple"},"yoast_head":"<!-- This site is optimized with the Yoast SEO Premium plugin v27.5 (Yoast SEO v27.5) - https:\/\/yoast.com\/product\/yoast-seo-premium-wordpress\/ -->\n<title>Il Sole - 2025 - Elena Torgunakova | Noi Vivi Arte<\/title>\n<meta name=\"robots\" content=\"index, follow, max-snippet:-1, max-image-preview:large, max-video-preview:-1\" \/>\n<link rel=\"canonical\" href=\"https:\/\/www.noiviviarte.it\/en\/product\/il-sole-2025-elena-torgunakova\/\" \/>\n<meta property=\"og:locale\" content=\"en_US\" \/>\n<meta property=\"og:type\" content=\"article\" \/>\n<meta property=\"og:title\" content=\"Il Sole - 2025 - Elena Torgunakova\" \/>\n<meta property=\"og:description\" content=\"Il Sole \/ 2025 \/ diametro 80 cm \/ Fluid Art, acrilico fluido su tela, rivestita con resina epossidica Il Sole in astrologia \u00e8 la&hellip;\" \/>\n<meta property=\"og:url\" content=\"https:\/\/www.noiviviarte.it\/en\/product\/il-sole-2025-elena-torgunakova\/\" \/>\n<meta property=\"og:site_name\" content=\"Noi Vivi Arte\" \/>\n<meta property=\"article:publisher\" content=\"https:\/\/www.facebook.com\/steelbloom.it\/\" \/>\n<meta property=\"article:modified_time\" content=\"2026-04-11T20:43:49+00:00\" \/>\n<meta property=\"og:image\" content=\"https:\/\/www.noiviviarte.it\/wp-content\/uploads\/2026\/04\/WhatsApp-Image-2026-04-11-at-20.03.32.jpeg\" \/>\n\t<meta property=\"og:image:width\" content=\"1024\" \/>\n\t<meta property=\"og:image:height\" content=\"1536\" \/>\n\t<meta property=\"og:image:type\" content=\"image\/jpeg\" \/>\n<meta name=\"twitter:card\" content=\"summary_large_image\" \/>\n<meta name=\"twitter:site\" content=\"@steelbloomspace\" \/>\n<script type=\"application\/ld+json\" class=\"yoast-schema-graph\">{\"@context\":\"https:\\\/\\\/schema.org\",\"@graph\":[{\"@type\":\"WebPage\",\"@id\":\"https:\\\/\\\/www.noiviviarte.it\\\/en\\\/product\\\/il-sole-2025-elena-torgunakova\\\/\",\"url\":\"https:\\\/\\\/www.noiviviarte.it\\\/en\\\/product\\\/il-sole-2025-elena-torgunakova\\\/\",\"name\":\"Il Sole - 2025 - Elena Torgunakova | Noi Vivi Arte\",\"isPartOf\":{\"@id\":\"https:\\\/\\\/www.noiviviarte.it\\\/en\\\/#website\"},\"primaryImageOfPage\":{\"@id\":\"https:\\\/\\\/www.noiviviarte.it\\\/en\\\/product\\\/il-sole-2025-elena-torgunakova\\\/#primaryimage\"},\"image\":{\"@id\":\"https:\\\/\\\/www.noiviviarte.it\\\/en\\\/product\\\/il-sole-2025-elena-torgunakova\\\/#primaryimage\"},\"thumbnailUrl\":\"https:\\\/\\\/www.noiviviarte.it\\\/wp-content\\\/uploads\\\/2026\\\/04\\\/WhatsApp-Image-2026-04-11-at-20.03.32.jpeg\",\"datePublished\":\"2026-04-11T16:50:53+00:00\",\"dateModified\":\"2026-04-11T20:43:49+00:00\",\"breadcrumb\":{\"@id\":\"https:\\\/\\\/www.noiviviarte.it\\\/en\\\/product\\\/il-sole-2025-elena-torgunakova\\\/#breadcrumb\"},\"inLanguage\":\"en-US\",\"potentialAction\":[{\"@type\":\"ReadAction\",\"target\":[\"https:\\\/\\\/www.noiviviarte.it\\\/en\\\/product\\\/il-sole-2025-elena-torgunakova\\\/\"]}]},{\"@type\":\"ImageObject\",\"inLanguage\":\"en-US\",\"@id\":\"https:\\\/\\\/www.noiviviarte.it\\\/en\\\/product\\\/il-sole-2025-elena-torgunakova\\\/#primaryimage\",\"url\":\"https:\\\/\\\/www.noiviviarte.it\\\/wp-content\\\/uploads\\\/2026\\\/04\\\/WhatsApp-Image-2026-04-11-at-20.03.32.jpeg\",\"contentUrl\":\"https:\\\/\\\/www.noiviviarte.it\\\/wp-content\\\/uploads\\\/2026\\\/04\\\/WhatsApp-Image-2026-04-11-at-20.03.32.jpeg\",\"width\":1024,\"height\":1536},{\"@type\":\"BreadcrumbList\",\"@id\":\"https:\\\/\\\/www.noiviviarte.it\\\/en\\\/product\\\/il-sole-2025-elena-torgunakova\\\/#breadcrumb\",\"itemListElement\":[{\"@type\":\"ListItem\",\"position\":1,\"name\":\"Home\",\"item\":\"https:\\\/\\\/www.noiviviarte.it\\\/en\\\/\"},{\"@type\":\"ListItem\",\"position\":2,\"name\":\"Shop\",\"item\":\"https:\\\/\\\/www.noiviviarte.it\\\/en\\\/shop\\\/\"},{\"@type\":\"ListItem\",\"position\":3,\"name\":\"Il Sole &#8211; 2025 &#8211; Elena Torgunakova\"}]},{\"@type\":\"WebSite\",\"@id\":\"https:\\\/\\\/www.noiviviarte.it\\\/en\\\/#website\",\"url\":\"https:\\\/\\\/www.noiviviarte.it\\\/en\\\/\",\"name\":\"Noi Vivi Arte\",\"description\":\"\",\"publisher\":{\"@id\":\"https:\\\/\\\/www.noiviviarte.it\\\/en\\\/#organization\"},\"alternateName\":\"NoiViviArte\",\"potentialAction\":[{\"@type\":\"SearchAction\",\"target\":{\"@type\":\"EntryPoint\",\"urlTemplate\":\"https:\\\/\\\/www.noiviviarte.it\\\/en\\\/?s={search_term_string}\"},\"query-input\":{\"@type\":\"PropertyValueSpecification\",\"valueRequired\":true,\"valueName\":\"search_term_string\"}}],\"inLanguage\":\"en-US\"},{\"@type\":\"Organization\",\"@id\":\"https:\\\/\\\/www.noiviviarte.it\\\/en\\\/#organization\",\"name\":\"steelBloom Srl\",\"url\":\"https:\\\/\\\/www.noiviviarte.it\\\/en\\\/\",\"logo\":{\"@type\":\"ImageObject\",\"inLanguage\":\"en-US\",\"@id\":\"https:\\\/\\\/www.noiviviarte.it\\\/en\\\/#\\\/schema\\\/logo\\\/image\\\/\",\"url\":\"https:\\\/\\\/www.noiviviarte.it\\\/wp-content\\\/uploads\\\/2025\\\/02\\\/cropped-steel-bloom-fivicon.png\",\"contentUrl\":\"https:\\\/\\\/www.noiviviarte.it\\\/wp-content\\\/uploads\\\/2025\\\/02\\\/cropped-steel-bloom-fivicon.png\",\"width\":512,\"height\":512,\"caption\":\"steelBloom Srl\"},\"image\":{\"@id\":\"https:\\\/\\\/www.noiviviarte.it\\\/en\\\/#\\\/schema\\\/logo\\\/image\\\/\"},\"sameAs\":[\"https:\\\/\\\/www.facebook.com\\\/steelbloom.it\\\/\",\"https:\\\/\\\/x.com\\\/steelbloomspace\",\"https:\\\/\\\/www.linkedin.com\\\/company\\\/steelbloom\\\/\",\"https:\\\/\\\/www.instagram.com\\\/steelbloom.it\",\"https:\\\/\\\/it.pinterest.com\\\/steelbloomitalia\\\/\"]}]}<\/script>\n<!-- \/ Yoast SEO Premium plugin. -->","yoast_head_json":{"title":"Il Sole - 2025 - Elena Torgunakova | Noi Vivi Arte","robots":{"index":"index","follow":"follow","max-snippet":"max-snippet:-1","max-image-preview":"max-image-preview:large","max-video-preview":"max-video-preview:-1"},"canonical":"https:\/\/www.noiviviarte.it\/en\/product\/il-sole-2025-elena-torgunakova\/","og_locale":"en_US","og_type":"article","og_title":"Il Sole - 2025 - Elena Torgunakova","og_description":"Il Sole \/ 2025 \/ diametro 80 cm \/ Fluid Art, acrilico fluido su tela, rivestita con resina epossidica Il Sole in astrologia \u00e8 la&hellip;","og_url":"https:\/\/www.noiviviarte.it\/en\/product\/il-sole-2025-elena-torgunakova\/","og_site_name":"Noi Vivi Arte","article_publisher":"https:\/\/www.facebook.com\/steelbloom.it\/","article_modified_time":"2026-04-11T20:43:49+00:00","og_image":[{"width":1024,"height":1536,"url":"https:\/\/www.noiviviarte.it\/wp-content\/uploads\/2026\/04\/WhatsApp-Image-2026-04-11-at-20.03.32.jpeg","type":"image\/jpeg"}],"twitter_card":"summary_large_image","twitter_site":"@steelbloomspace","schema":{"@context":"https:\/\/schema.org","@graph":[{"@type":"WebPage","@id":"https:\/\/www.noiviviarte.it\/en\/product\/il-sole-2025-elena-torgunakova\/","url":"https:\/\/www.noiviviarte.it\/en\/product\/il-sole-2025-elena-torgunakova\/","name":"Il Sole - 2025 - Elena Torgunakova | Noi Vivi Arte","isPartOf":{"@id":"https:\/\/www.noiviviarte.it\/en\/#website"},"primaryImageOfPage":{"@id":"https:\/\/www.noiviviarte.it\/en\/product\/il-sole-2025-elena-torgunakova\/#primaryimage"},"image":{"@id":"https:\/\/www.noiviviarte.it\/en\/product\/il-sole-2025-elena-torgunakova\/#primaryimage"},"thumbnailUrl":"https:\/\/www.noiviviarte.it\/wp-content\/uploads\/2026\/04\/WhatsApp-Image-2026-04-11-at-20.03.32.jpeg","datePublished":"2026-04-11T16:50:53+00:00","dateModified":"2026-04-11T20:43:49+00:00","breadcrumb":{"@id":"https:\/\/www.noiviviarte.it\/en\/product\/il-sole-2025-elena-torgunakova\/#breadcrumb"},"inLanguage":"en-US","potentialAction":[{"@type":"ReadAction","target":["https:\/\/www.noiviviarte.it\/en\/product\/il-sole-2025-elena-torgunakova\/"]}]},{"@type":"ImageObject","inLanguage":"en-US","@id":"https:\/\/www.noiviviarte.it\/en\/product\/il-sole-2025-elena-torgunakova\/#primaryimage","url":"https:\/\/www.noiviviarte.it\/wp-content\/uploads\/2026\/04\/WhatsApp-Image-2026-04-11-at-20.03.32.jpeg","contentUrl":"https:\/\/www.noiviviarte.it\/wp-content\/uploads\/2026\/04\/WhatsApp-Image-2026-04-11-at-20.03.32.jpeg","width":1024,"height":1536},{"@type":"BreadcrumbList","@id":"https:\/\/www.noiviviarte.it\/en\/product\/il-sole-2025-elena-torgunakova\/#breadcrumb","itemListElement":[{"@type":"ListItem","position":1,"name":"Home","item":"https:\/\/www.noiviviarte.it\/en\/"},{"@type":"ListItem","position":2,"name":"Shop","item":"https:\/\/www.noiviviarte.it\/en\/shop\/"},{"@type":"ListItem","position":3,"name":"Il Sole &#8211; 2025 &#8211; Elena Torgunakova"}]},{"@type":"WebSite","@id":"https:\/\/www.noiviviarte.it\/en\/#website","url":"https:\/\/www.noiviviarte.it\/en\/","name":"Noi Vivi Arte","description":"","publisher":{"@id":"https:\/\/www.noiviviarte.it\/en\/#organization"},"alternateName":"NoiViviArte","potentialAction":[{"@type":"SearchAction","target":{"@type":"EntryPoint","urlTemplate":"https:\/\/www.noiviviarte.it\/en\/?s={search_term_string}"},"query-input":{"@type":"PropertyValueSpecification","valueRequired":true,"valueName":"search_term_string"}}],"inLanguage":"en-US"},{"@type":"Organization","@id":"https:\/\/www.noiviviarte.it\/en\/#organization","name":"steelBloom Srl","url":"https:\/\/www.noiviviarte.it\/en\/","logo":{"@type":"ImageObject","inLanguage":"en-US","@id":"https:\/\/www.noiviviarte.it\/en\/#\/schema\/logo\/image\/","url":"https:\/\/www.noiviviarte.it\/wp-content\/uploads\/2025\/02\/cropped-steel-bloom-fivicon.png","contentUrl":"https:\/\/www.noiviviarte.it\/wp-content\/uploads\/2025\/02\/cropped-steel-bloom-fivicon.png","width":512,"height":512,"caption":"steelBloom Srl"},"image":{"@id":"https:\/\/www.noiviviarte.it\/en\/#\/schema\/logo\/image\/"},"sameAs":["https:\/\/www.facebook.com\/steelbloom.it\/","https:\/\/x.com\/steelbloomspace","https:\/\/www.linkedin.com\/company\/steelbloom\/","https:\/\/www.instagram.com\/steelbloom.it","https:\/\/it.pinterest.com\/steelbloomitalia\/"]}]}},"_links":{"self":[{"href":"https:\/\/www.noiviviarte.it\/en\/wp-json\/wp\/v2\/product\/11459","targetHints":{"allow":["GET"]}}],"collection":[{"href":"https:\/\/www.noiviviarte.it\/en\/wp-json\/wp\/v2\/product"}],"about":[{"href":"https:\/\/www.noiviviarte.it\/en\/wp-json\/wp\/v2\/types\/product"}],"wp:featuredmedia":[{"embeddable":true,"href":"https:\/\/www.noiviviarte.it\/en\/wp-json\/wp\/v2\/media\/11464"}],"wp:attachment":[{"href":"https:\/\/www.noiviviarte.it\/en\/wp-json\/wp\/v2\/media?parent=11459"}],"wp:term":[{"taxonomy":"product_brand","embeddable":true,"href":"https:\/\/www.noiviviarte.it\/en\/wp-json\/wp\/v2\/product_brand?post=11459"},{"taxonomy":"product_cat","embeddable":true,"href":"https:\/\/www.noiviviarte.it\/en\/wp-json\/wp\/v2\/product_cat?post=11459"},{"taxonomy":"product_tag","embeddable":true,"href":"https:\/\/www.noiviviarte.it\/en\/wp-json\/wp\/v2\/product_tag?post=11459"}],"curies":[{"name":"wp","href":"https:\/\/api.w.org\/{rel}","templated":true}]}}